{"id":274,"date":"2024-04-03T00:08:29","date_gmt":"2024-04-03T00:08:29","guid":{"rendered":"https:\/\/sendaverde.org\/donate\/"},"modified":"2025-11-01T20:40:22","modified_gmt":"2025-11-02T00:40:22","slug":"donate","status":"publish","type":"page","link":"https:\/\/sendaverde.org\/es\/donate\/","title":{"rendered":"Donar"},"content":{"rendered":"<div data-elementor-type=\"wp-page\" data-elementor-id=\"274\" class=\"elementor elementor-274\" data-elementor-post-type=\"page\">\n\t\t\t\t<div class=\"elementor-element elementor-element-7429348f e-con-full e-flex e-con e-parent\" data-id=\"7429348f\" data-element_type=\"container\" data-e-type=\"container\" data-settings=\"{&quot;background_background&quot;:&quot;classic&quot;}\">\n\t\t\t\t<div class=\"elementor-element elementor-element-38dc1221 elementor-widget__width-initial elementor-widget elementor-widget-text-editor\" data-id=\"38dc1221\" data-element_type=\"widget\" data-e-type=\"widget\" data-widget_type=\"text-editor.default\">\n\t\t\t\t<div class=\"elementor-widget-container\">\n\t\t\t\t\t\t\t\t\t<p>Senda Verde est\u00e1 registrada en EE.UU. como organizaci\u00f3n sin fines de lucro 501 (c)(3). Las donaciones son deducibles de impuestos seg\u00fan lo permita la ley.<\/p><p>Tax identification number (EIN): <strong>47-2415812<\/strong><\/p>\t\t\t\t\t\t\t\t<\/div>\n\t\t\t\t<\/div>\n\t\t\t\t<div class=\"elementor-element elementor-element-affd8ce elementor-widget__width-initial elementor-widget elementor-widget-heading\" data-id=\"affd8ce\" data-element_type=\"widget\" data-e-type=\"widget\" data-widget_type=\"heading.default\">\n\t\t\t\t<div class=\"elementor-widget-container\">\n\t\t\t\t\t<h1 class=\"elementor-heading-title elementor-size-default\"><br><br>Donar al Santuario de Vida Silvestre Senda Verde<\/h1>\t\t\t\t<\/div>\n\t\t\t\t<\/div>\n\t\t\t\t<\/div>\n\t\t<div class=\"elementor-element elementor-element-4d472021 e-con-full e-flex e-con e-parent\" data-id=\"4d472021\" data-element_type=\"container\" data-e-type=\"container\" data-settings=\"{&quot;background_background&quot;:&quot;classic&quot;}\">\n\t\t<a class=\"elementor-element elementor-element-20d49820 e-con-full e-flex e-con e-child\" data-id=\"20d49820\" data-element_type=\"container\" data-e-type=\"container\" data-settings=\"{&quot;background_background&quot;:&quot;classic&quot;,&quot;animation&quot;:&quot;none&quot;}\" href=\"https:\/\/sendaverde.org\/es\/donate\/one-time-donation\/\">\n\t\t\t\t<div class=\"elementor-element elementor-element-18522398 elementor-widget elementor-widget-heading\" data-id=\"18522398\" data-element_type=\"widget\" data-e-type=\"widget\" data-widget_type=\"heading.default\">\n\t\t\t\t<div class=\"elementor-widget-container\">\n\t\t\t\t\t<h2 class=\"elementor-heading-title elementor-size-default\">Donaci\u00f3n una sola vez<\/h2>\t\t\t\t<\/div>\n\t\t\t\t<\/div>\n\t\t\t\t<\/a>\n\t\t<a class=\"elementor-element elementor-element-ba35749 e-con-full e-flex e-con e-child\" data-id=\"ba35749\" data-element_type=\"container\" data-e-type=\"container\" data-settings=\"{&quot;background_background&quot;:&quot;classic&quot;}\" href=\"https:\/\/sendaverde.org\/es\/donate\/one-year-payment\/\">\n\t\t\t\t<div class=\"elementor-element elementor-element-7689abef elementor-widget elementor-widget-heading\" data-id=\"7689abef\" data-element_type=\"widget\" data-e-type=\"widget\" data-widget_type=\"heading.default\">\n\t\t\t\t<div class=\"elementor-widget-container\">\n\t\t\t\t\t<h2 class=\"elementor-heading-title elementor-size-default\">Plan anual<\/h2>\t\t\t\t<\/div>\n\t\t\t\t<\/div>\n\t\t\t\t<\/a>\n\t\t<a class=\"elementor-element elementor-element-1205f069 e-con-full e-flex e-con e-child\" data-id=\"1205f069\" data-element_type=\"container\" data-e-type=\"container\" data-settings=\"{&quot;background_background&quot;:&quot;classic&quot;}\" href=\"https:\/\/sendaverde.org\/es\/donate\/subscription-payment\/\">\n\t\t\t\t<div class=\"elementor-element elementor-element-36d9b19a elementor-widget elementor-widget-heading\" data-id=\"36d9b19a\" data-element_type=\"widget\" data-e-type=\"widget\" data-widget_type=\"heading.default\">\n\t\t\t\t<div class=\"elementor-widget-container\">\n\t\t\t\t\t<h2 class=\"elementor-heading-title elementor-size-default\">Suscripci\u00f3n<\/h2>\t\t\t\t<\/div>\n\t\t\t\t<\/div>\n\t\t\t\t<\/a>\n\t\t<a class=\"elementor-element elementor-element-30349195 e-con-full e-flex e-con e-child\" data-id=\"30349195\" data-element_type=\"container\" data-e-type=\"container\" data-settings=\"{&quot;background_background&quot;:&quot;classic&quot;}\" href=\"https:\/\/sendaverde.org\/es\/donate\/checkout-payment\/\">\n\t\t\t\t<div class=\"elementor-element elementor-element-31124510 elementor-widget elementor-widget-heading\" data-id=\"31124510\" data-element_type=\"widget\" data-e-type=\"widget\" data-widget_type=\"heading.default\">\n\t\t\t\t<div class=\"elementor-widget-container\">\n\t\t\t\t\t<h2 class=\"elementor-heading-title elementor-size-default\">Donaci\u00f3n instant\u00e1nea<\/h2>\t\t\t\t<\/div>\n\t\t\t\t<\/div>\n\t\t\t\t<\/a>\n\t\t\t\t<\/div>\n\t\t<div class=\"elementor-element elementor-element-5083b8b e-flex e-con-boxed e-con e-parent\" data-id=\"5083b8b\" data-element_type=\"container\" data-e-type=\"container\" data-settings=\"{&quot;background_background&quot;:&quot;classic&quot;}\">\n\t\t\t\t\t<div class=\"e-con-inner\">\n\t\t\t\t<div class=\"elementor-element elementor-element-7be00051 elementor-widget elementor-widget-text-editor\" data-id=\"7be00051\" data-element_type=\"widget\" data-e-type=\"widget\" data-widget_type=\"text-editor.default\">\n\t\t\t\t<div class=\"elementor-widget-container\">\n\t\t\t\t\t\t\t\t\t<p>Gracias por actuar para mejorar la vida de los animales silvestres!<\/p><div><p>Cada donaci\u00f3n alimenta la esperanza: para cada animal, cada bosque y cada ni\u00f1o que aprende a proteger el planeta.<\/p><\/div><p>Haz tu donaci\u00f3n<\/p>\t\t\t\t\t\t\t\t<\/div>\n\t\t\t\t<\/div>\n\t\t\t\t\t<\/div>\n\t\t\t\t<\/div>\n\t\t<div class=\"elementor-element elementor-element-130ff107 e-con-full e-flex e-con e-parent\" data-id=\"130ff107\" data-element_type=\"container\" data-e-type=\"container\" data-settings=\"{&quot;background_background&quot;:&quot;classic&quot;}\">\n\t\t\t\t<div class=\"elementor-element elementor-element-5a496126 elementor-widget__width-initial elementor-widget elementor-widget-text-editor\" data-id=\"5a496126\" data-element_type=\"widget\" data-e-type=\"widget\" data-widget_type=\"text-editor.default\">\n\t\t\t\t<div class=\"elementor-widget-container\">\n\t\t\t\t\t\t\t\t\t<p>Otras Formas de Donar<\/p>\t\t\t\t\t\t\t\t<\/div>\n\t\t\t\t<\/div>\n\t\t\t\t<\/div>\n\t\t<div class=\"elementor-element elementor-element-74edec3 e-con-full e-flex e-con e-parent\" data-id=\"74edec3\" data-element_type=\"container\" data-e-type=\"container\">\n\t\t\t\t<div class=\"elementor-element elementor-element-5a5457d elementor-position-left elementor-vertical-align-middle elementor-widget__width-initial elementor-widget elementor-widget-image-box\" data-id=\"5a5457d\" data-element_type=\"widget\" data-e-type=\"widget\" data-settings=\"{&quot;_animation&quot;:&quot;none&quot;}\" data-widget_type=\"image-box.default\">\n\t\t\t\t<div class=\"elementor-widget-container\">\n\t\t\t\t\t<div class=\"elementor-image-box-wrapper\"><figure class=\"elementor-image-box-img\"><a href=\"https:\/\/www.every.org\/la-senda-verde-animal-refuge?utm_campaign=donate-link#\/donate\" tabindex=\"-1\"><img decoding=\"async\" width=\"206\" height=\"48\" src=\"https:\/\/sendaverde.org\/wp-content\/uploads\/2025\/10\/Logo_Wordmark.svg\" class=\"elementor-animation-grow attachment-full size-full wp-image-2336\" alt=\"\" \/><\/a><\/figure><div class=\"elementor-image-box-content\"><h3 class=\"elementor-image-box-title\"><a href=\"https:\/\/www.every.org\/la-senda-verde-animal-refuge?utm_campaign=donate-link#\/donate\">Invierte en lo que realmente importa<\/a><\/h3><p class=\"elementor-image-box-description\">Ahora es m\u00e1s f\u00e1cil que nunca apoyar a Senda Verde a trav\u00e9s de Every.org, una plataforma segura y flexible que acepta donaciones de acciones, tarjetas de cr\u00e9dito o d\u00e9bito, transferencias bancarias, criptomonedas, DAF y otros m\u00e9todos.\n\nAl donar acciones, tu donaci\u00f3n llega a\u00fan m\u00e1s lejos: te ayuda a ahorrar impuestos y permite que Senda Verde reciba el valor total de su generosidad. Es una forma inteligente y significativa de que sus inversiones generen un cambio real, impulsando el rescate, la sanaci\u00f3n y la libertad de las especies silvestres que dependen de todos nosotros.\nDonaciones sencillas. Inteligentes. Con impacto.\n<\/p><\/div><\/div>\t\t\t\t<\/div>\n\t\t\t\t<\/div>\n\t\t\t\t<\/div>\n\t\t<div class=\"elementor-element elementor-element-2c639283 e-con-full e-flex e-con e-parent\" data-id=\"2c639283\" data-element_type=\"container\" data-e-type=\"container\">\n\t\t\t\t<div class=\"elementor-element elementor-element-c0fc078 elementor-position-left elementor-vertical-align-middle elementor-widget__width-initial elementor-widget elementor-widget-image-box\" data-id=\"c0fc078\" data-element_type=\"widget\" data-e-type=\"widget\" data-widget_type=\"image-box.default\">\n\t\t\t\t<div class=\"elementor-widget-container\">\n\t\t\t\t\t<div class=\"elementor-image-box-wrapper\"><figure class=\"elementor-image-box-img\"><img fetchpriority=\"high\" decoding=\"async\" width=\"300\" height=\"300\" src=\"https:\/\/sendaverde.org\/wp-content\/uploads\/2024\/04\/charity-copy-300x300.png\" class=\"elementor-animation-grow attachment-medium size-medium wp-image-524\" alt=\"Donate to Senda Verde\" srcset=\"https:\/\/sendaverde.org\/wp-content\/uploads\/2024\/04\/charity-copy-300x300.png 300w, https:\/\/sendaverde.org\/wp-content\/uploads\/2024\/04\/charity-copy-150x150.png 150w, https:\/\/sendaverde.org\/wp-content\/uploads\/2024\/04\/charity-copy.png 512w\" sizes=\"(max-width: 300px) 100vw, 300px\" \/><\/figure><div class=\"elementor-image-box-content\"><h3 class=\"elementor-image-box-title\">Donaci\u00f3n por cheque <\/h3><p class=\"elementor-image-box-description\">Para enviar una donaci\u00f3n a trav\u00e9s del correo, por favor emita un cheque a nombre de La Senda Verde Animal Refuge Inc. y env\u00edelo por correo a: 50 Menores Avenue, Unit 724, Coral Gables, Fl 33134 - USA.\n\n<\/p><\/div><\/div>\t\t\t\t<\/div>\n\t\t\t\t<\/div>\n\t\t\t\t<\/div>\n\t\t<div class=\"elementor-element elementor-element-1d01221a e-con-full e-flex e-con e-parent\" data-id=\"1d01221a\" data-element_type=\"container\" data-e-type=\"container\">\n\t\t\t\t<div class=\"elementor-element elementor-element-491874d elementor-position-left elementor-vertical-align-middle elementor-widget__width-initial elementor-widget elementor-widget-image-box\" data-id=\"491874d\" data-element_type=\"widget\" data-e-type=\"widget\" data-widget_type=\"image-box.default\">\n\t\t\t\t<div class=\"elementor-widget-container\">\n\t\t\t\t\t<div class=\"elementor-image-box-wrapper\"><figure class=\"elementor-image-box-img\"><img fetchpriority=\"high\" decoding=\"async\" width=\"300\" height=\"300\" src=\"https:\/\/sendaverde.org\/wp-content\/uploads\/2024\/04\/charity-copy-300x300.png\" class=\"elementor-animation-grow attachment-medium size-medium wp-image-524\" alt=\"Donate to Senda Verde\" srcset=\"https:\/\/sendaverde.org\/wp-content\/uploads\/2024\/04\/charity-copy-300x300.png 300w, https:\/\/sendaverde.org\/wp-content\/uploads\/2024\/04\/charity-copy-150x150.png 150w, https:\/\/sendaverde.org\/wp-content\/uploads\/2024\/04\/charity-copy.png 512w\" sizes=\"(max-width: 300px) 100vw, 300px\" \/><\/figure><div class=\"elementor-image-box-content\"><h3 class=\"elementor-image-box-title\">Donar por tel\u00e9fono<\/h3><p class=\"elementor-image-box-description\">Si prefieres contribuir por tel\u00e9fono, ll\u00e1manos al (+1) 857 8004469 (USA) \/ (+591)74722825 (Bolivia). Estaremos encantados de hablar contigo en cualquier momento.<\/p><\/div><\/div>\t\t\t\t<\/div>\n\t\t\t\t<\/div>\n\t\t\t\t<div class=\"elementor-element elementor-element-570ed4a8 elementor-align-left elementor-widget elementor-widget-button\" data-id=\"570ed4a8\" data-element_type=\"widget\" data-e-type=\"widget\" data-widget_type=\"button.default\">\n\t\t\t\t<div class=\"elementor-widget-container\">\n\t\t\t\t\t\t\t\t\t<div class=\"elementor-button-wrapper\">\n\t\t\t\t\t<a class=\"elementor-button elementor-button-link elementor-size-sm\" href=\"https:\/\/sendaverde.org\/es\/contact\/\">\n\t\t\t\t\t\t<span class=\"elementor-button-content-wrapper\">\n\t\t\t\t\t\t\t\t\t<span class=\"elementor-button-text\">o env\u00edanos un mensaje<\/span>\n\t\t\t\t\t<\/span>\n\t\t\t\t\t<\/a>\n\t\t\t\t<\/div>\n\t\t\t\t\t\t\t\t<\/div>\n\t\t\t\t<\/div>\n\t\t\t\t<\/div>\n\t\t<div class=\"elementor-element elementor-element-73ab575 e-con-full e-flex e-con e-parent\" data-id=\"73ab575\" data-element_type=\"container\" data-e-type=\"container\">\n\t\t\t\t<div class=\"elementor-element elementor-element-404cc729 elementor-widget__width-initial elementor-widget elementor-widget-testimonial\" data-id=\"404cc729\" data-element_type=\"widget\" data-e-type=\"widget\" data-widget_type=\"testimonial.default\">\n\t\t\t\t<div class=\"elementor-widget-container\">\n\t\t\t\t\t\t\t<div class=\"elementor-testimonial-wrapper\">\n\t\t\t\t\t\t\t<div class=\"elementor-testimonial-content\">\u00abNuestro enfoque firme y global hacia un futuro desafiante pero esperanzador de efectuar un cambio a largo plazo para la fauna silvestre, hace que nuestro santuario de animales sea una oportunidad convincente para una filantrop\u00eda impactante.\u00bb<\/div>\n\t\t\t\n\t\t\t\t\t\t<div class=\"elementor-testimonial-meta elementor-has-image elementor-testimonial-image-position-aside\">\n\t\t\t\t<div class=\"elementor-testimonial-meta-inner\">\n\t\t\t\t\t\t\t\t\t\t\t<div class=\"elementor-testimonial-image\">\n\t\t\t\t\t\t\t<img decoding=\"async\" width=\"1000\" height=\"1000\" src=\"https:\/\/sendaverde.org\/wp-content\/uploads\/2024\/04\/Marcelo.jpg\" class=\"attachment-full size-full wp-image-525\" alt=\"\" srcset=\"https:\/\/sendaverde.org\/wp-content\/uploads\/2024\/04\/Marcelo.jpg 1000w, https:\/\/sendaverde.org\/wp-content\/uploads\/2024\/04\/Marcelo-300x300.jpg 300w, https:\/\/sendaverde.org\/wp-content\/uploads\/2024\/04\/Marcelo-150x150.jpg 150w, https:\/\/sendaverde.org\/wp-content\/uploads\/2024\/04\/Marcelo-768x768.jpg 768w\" sizes=\"(max-width: 1000px) 100vw, 1000px\" \/>\t\t\t\t\t\t<\/div>\n\t\t\t\t\t\n\t\t\t\t\t\t\t\t\t\t<div class=\"elementor-testimonial-details\">\n\t\t\t\t\t\t\t\t\t\t\t\t\t\t<div class=\"elementor-testimonial-name\">Marcelo Levy<\/div>\n\t\t\t\t\t\t\t\t\t\t\t\t\t\t\t\t\t\t\t\t\t\t<div class=\"elementor-testimonial-job\">Co fundadora<\/div>\n\t\t\t\t\t\t\t\t\t\t\t\t\t<\/div>\n\t\t\t\t\t\t\t\t\t<\/div>\n\t\t\t<\/div>\n\t\t\t\t\t<\/div>\n\t\t\t\t\t\t<\/div>\n\t\t\t\t<\/div>\n\t\t\t\t<\/div>\n\t\t<div class=\"elementor-element elementor-element-NLT2cCQ e-flex e-con-boxed e-con e-parent\" data-id=\"NLT2cCQ\" data-element_type=\"container\" data-e-type=\"container\">\n\t\t\t\t\t<div class=\"e-con-inner\">\n\t\t<div class=\"elementor-element elementor-element-pzawSRu e-con-full e-flex e-con e-child\" data-id=\"pzawSRu\" data-element_type=\"container\" data-e-type=\"container\">\n\t\t<div class=\"elementor-element elementor-element-qYJ0Sk1 e-flex e-con-boxed e-con e-child\" data-id=\"qYJ0Sk1\" data-element_type=\"container\" data-e-type=\"container\">\n\t\t\t\t\t<div class=\"e-con-inner\">\n\t\t<div class=\"elementor-element elementor-element-tJIIP6N e-flex e-con-boxed e-con e-child\" data-id=\"tJIIP6N\" data-element_type=\"container\" data-e-type=\"container\">\n\t\t\t\t\t<div class=\"e-con-inner\">\n\t\t\t\t<div class=\"elementor-element elementor-element-ybkj69i elementor-widget elementor-widget-heading\" data-id=\"ybkj69i\" data-element_type=\"widget\" data-e-type=\"widget\" data-widget_type=\"heading.default\">\n\t\t\t\t<div class=\"elementor-widget-container\">\n\t\t\t\t\t<h2 class=\"elementor-heading-title elementor-size-default\">Por qu\u00e9 tu donaci\u00f3n es importante<\/h2>\t\t\t\t<\/div>\n\t\t\t\t<\/div>\n\t\t\t\t<div class=\"elementor-element elementor-element-pK88pby elementor-widget elementor-widget-text-editor\" data-id=\"pK88pby\" data-element_type=\"widget\" data-e-type=\"widget\" data-widget_type=\"text-editor.default\">\n\t\t\t\t<div class=\"elementor-widget-container\">\n\t\t\t\t\t\t\t\t\t<div><p>Cuando donas, no s\u00f3lo est\u00e1s ayudando a los animales: est\u00e1s defendiendo la vida misma.<\/p><p>Ayudas a detener el tr\u00e1fico de vida silvestre, proteger las especies en peligro de extinci\u00f3n y preservar la biodiversidad de la selva tropical de Bolivia para las generaciones futuras.<\/p><\/div><div><div><p>Tu generosidad contribuye a necesidades cr\u00edticas todos los d\u00edas:<\/p><ul><li>Alimentos nutritivos y tratamiento m\u00e9dico para animales silvestres rescatados<\/li><li>Restauraci\u00f3n del h\u00e1bitat y ampliaci\u00f3n de recintos naturales<\/li><li>Equipos y suministros veterinarios<\/li><li>Programas de formaci\u00f3n de voluntarios y cuidadores<\/li><li>Iniciativas de educaci\u00f3n y concientizaci\u00f3n sobre la conservaci\u00f3n<\/li><\/ul><\/div><\/div>\t\t\t\t\t\t\t\t<\/div>\n\t\t\t\t<\/div>\n\t\t<div class=\"elementor-element elementor-element-SP2dBPT e-con-full e-flex e-con e-child\" data-id=\"SP2dBPT\" data-element_type=\"container\" data-e-type=\"container\">\n\t\t\t\t<\/div>\n\t\t\t\t\t<\/div>\n\t\t\t\t<\/div>\n\t\t\t\t\t<\/div>\n\t\t\t\t<\/div>\n\t\t\t\t<\/div>\n\t\t\t\t<div class=\"elementor-element elementor-element-a4UoKQe elementor-widget elementor-widget-image\" data-id=\"a4UoKQe\" data-element_type=\"widget\" data-e-type=\"widget\" data-widget_type=\"image.default\">\n\t\t\t\t<div class=\"elementor-widget-container\">\n\t\t\t\t\t\t\t\t\t\t\t\t\t\t\t<img loading=\"lazy\" decoding=\"async\" width=\"1920\" height=\"1920\" src=\"https:\/\/sendaverde.org\/wp-content\/uploads\/2025\/10\/Lucachi-con-bebe-square_DSC5274.jpg\" class=\"attachment-full size-full wp-image-2260\" alt=\"\" srcset=\"https:\/\/sendaverde.org\/wp-content\/uploads\/2025\/10\/Lucachi-con-bebe-square_DSC5274.jpg 1920w, https:\/\/sendaverde.org\/wp-content\/uploads\/2025\/10\/Lucachi-con-bebe-square_DSC5274-300x300.jpg 300w, https:\/\/sendaverde.org\/wp-content\/uploads\/2025\/10\/Lucachi-con-bebe-square_DSC5274-1024x1024.jpg 1024w, https:\/\/sendaverde.org\/wp-content\/uploads\/2025\/10\/Lucachi-con-bebe-square_DSC5274-150x150.jpg 150w, https:\/\/sendaverde.org\/wp-content\/uploads\/2025\/10\/Lucachi-con-bebe-square_DSC5274-768x768.jpg 768w, https:\/\/sendaverde.org\/wp-content\/uploads\/2025\/10\/Lucachi-con-bebe-square_DSC5274-1536x1536.jpg 1536w, https:\/\/sendaverde.org\/wp-content\/uploads\/2025\/10\/Lucachi-con-bebe-square_DSC5274-12x12.jpg 12w\" sizes=\"(max-width: 1920px) 100vw, 1920px\" \/>\t\t\t\t\t\t\t\t\t\t\t\t\t\t\t<\/div>\n\t\t\t\t<\/div>\n\t\t\t\t\t<\/div>\n\t\t\t\t<\/div>\n\t\t<div class=\"elementor-element elementor-element-NEhn2Wk e-flex e-con-boxed e-con e-parent\" data-id=\"NEhn2Wk\" data-element_type=\"container\" data-e-type=\"container\" data-settings=\"{&quot;background_background&quot;:&quot;classic&quot;}\">\n\t\t\t\t\t<div class=\"e-con-inner\">\n\t\t<div class=\"elementor-element elementor-element-ERAGPWW e-flex e-con-boxed e-con e-child\" data-id=\"ERAGPWW\" data-element_type=\"container\" data-e-type=\"container\">\n\t\t\t\t\t<div class=\"e-con-inner\">\n\t\t\t\t<div class=\"elementor-element elementor-element-9IYOUVt elementor-widget elementor-widget-heading\" data-id=\"9IYOUVt\" data-element_type=\"widget\" data-e-type=\"widget\" data-widget_type=\"heading.default\">\n\t\t\t\t<div class=\"elementor-widget-container\">\n\t\t\t\t\t<h4 class=\"elementor-heading-title elementor-size-default\">\u00danase al movimiento\n<\/h4>\t\t\t\t<\/div>\n\t\t\t\t<\/div>\n\t\t\t\t<div class=\"elementor-element elementor-element-JswVmsX elementor-widget elementor-widget-text-editor\" data-id=\"JswVmsX\" data-element_type=\"widget\" data-e-type=\"widget\" data-widget_type=\"text-editor.default\">\n\t\t\t\t<div class=\"elementor-widget-container\">\n\t\t\t\t\t\t\t\t\t<div><p>Juntos, podemos detener la extinci\u00f3n y construir un mundo donde la vida silvestre prospere en paz.<\/p><\/div><div><p>\u201cTu ayuda cambia vidas: un rescate, una sanaci\u00f3n, un latido a la vez\u201d.<\/p><\/div>\t\t\t\t\t\t\t\t<\/div>\n\t\t\t\t<\/div>\n\t\t\t\t<div class=\"elementor-element elementor-element-e2b1318 elementor-align-left elementor-widget elementor-widget-button\" data-id=\"e2b1318\" data-element_type=\"widget\" data-e-type=\"widget\" data-widget_type=\"button.default\">\n\t\t\t\t<div class=\"elementor-widget-container\">\n\t\t\t\t\t\t\t\t\t<div class=\"elementor-button-wrapper\">\n\t\t\t\t\t<a class=\"elementor-button elementor-button-link elementor-size-sm\" href=\"https:\/\/sendaverde.org\/es\/volunteer\/\">\n\t\t\t\t\t\t<span class=\"elementor-button-content-wrapper\">\n\t\t\t\t\t\t\t\t\t<span class=\"elementor-button-text\">M\u00e1s informaci\u00f3n sobre el voluntariado<\/span>\n\t\t\t\t\t<\/span>\n\t\t\t\t\t<\/a>\n\t\t\t\t<\/div>\n\t\t\t\t\t\t\t\t<\/div>\n\t\t\t\t<\/div>\n\t\t\t\t\t<\/div>\n\t\t\t\t<\/div>\n\t\t\t\t\t<\/div>\n\t\t\t\t<\/div>\n\t\t\t\t<\/div>","protected":false},"excerpt":{"rendered":"<p>Senda Verde is a 501 (c)(3) Nonprofit Organization. Donations are tax deductible as permitted by law. Tax identification number (EIN): [&hellip;]<\/p>\n","protected":false},"author":1,"featured_media":0,"parent":0,"menu_order":70,"comment_status":"closed","ping_status":"closed","template":"","meta":{"_surecart_dashboard_logo_width":"180px","_surecart_dashboard_show_logo":true,"_surecart_dashboard_navigation_orders":true,"_surecart_dashboard_navigation_invoices":true,"_surecart_dashboard_navigation_subscriptions":true,"_surecart_dashboard_navigation_downloads":true,"_surecart_dashboard_navigation_billing":true,"_surecart_dashboard_navigation_account":true,"site-sidebar-layout":"no-sidebar","site-content-layout":"page-builder","ast-site-content-layout":"full-width-container","site-content-style":"default","site-sidebar-style":"default","ast-global-header-display":"","ast-banner-title-visibility":"","ast-main-header-display":"","ast-hfb-above-header-display":"","ast-hfb-below-header-display":"","ast-hfb-mobile-header-display":"","site-post-title":"disabled","ast-breadcrumbs-content":"","ast-featured-img":"disabled","footer-sml-layout":"disabled","ast-disable-related-posts":"","theme-transparent-header-meta":"","adv-header-id-meta":"","stick-header-meta":"","header-above-stick-meta":"","header-main-stick-meta":"","header-below-stick-meta":"","astra-migrate-meta-layouts":"set","ast-page-background-enabled":"default","ast-page-background-meta":{"desktop":{"background-color":"var(--ast-global-color-4)","background-image":"","background-repeat":"repeat","background-position":"center center","background-size":"auto","background-attachment":"scroll","background-type":"","background-media":"","overlay-type":"","overlay-color":"","overlay-opacity":"","overlay-gradient":""},"tablet":{"background-color":"","background-image":"","background-repeat":"repeat","background-position":"center center","background-size":"auto","background-attachment":"scroll","background-type":"","background-media":"","overlay-type":"","overlay-color":"","overlay-opacity":"","overlay-gradient":""},"mobile":{"background-color":"","background-image":"","background-repeat":"repeat","background-position":"center center","background-size":"auto","background-attachment":"scroll","background-type":"","background-media":"","overlay-type":"","overlay-color":"","overlay-opacity":"","overlay-gradient":""}},"ast-content-background-meta":{"desktop":{"background-color":"var(--ast-global-color-5)","background-image":"","background-repeat":"repeat","background-position":"center center","background-size":"auto","background-attachment":"scroll","background-type":"","background-media":"","overlay-type":"","overlay-color":"","overlay-opacity":"","overlay-gradient":""},"tablet":{"background-color":"var(--ast-global-color-5)","background-image":"","background-repeat":"repeat","background-position":"center center","background-size":"auto","background-attachment":"scroll","background-type":"","background-media":"","overlay-type":"","overlay-color":"","overlay-opacity":"","overlay-gradient":""},"mobile":{"background-color":"var(--ast-global-color-5)","background-image":"","background-repeat":"repeat","background-position":"center center","background-size":"auto","background-attachment":"scroll","background-type":"","background-media":"","overlay-type":"","overlay-color":"","overlay-opacity":"","overlay-gradient":""}},"footnotes":""},"class_list":["post-274","page","type-page","status-publish","hentry"],"_links":{"self":[{"href":"https:\/\/sendaverde.org\/es\/wp-json\/wp\/v2\/pages\/274","targetHints":{"allow":["GET"]}}],"collection":[{"href":"https:\/\/sendaverde.org\/es\/wp-json\/wp\/v2\/pages"}],"about":[{"href":"https:\/\/sendaverde.org\/es\/wp-json\/wp\/v2\/types\/page"}],"author":[{"embeddable":true,"href":"https:\/\/sendaverde.org\/es\/wp-json\/wp\/v2\/users\/1"}],"replies":[{"embeddable":true,"href":"https:\/\/sendaverde.org\/es\/wp-json\/wp\/v2\/comments?post=274"}],"version-history":[{"count":25,"href":"https:\/\/sendaverde.org\/es\/wp-json\/wp\/v2\/pages\/274\/revisions"}],"predecessor-version":[{"id":2349,"href":"https:\/\/sendaverde.org\/es\/wp-json\/wp\/v2\/pages\/274\/revisions\/2349"}],"wp:attachment":[{"href":"https:\/\/sendaverde.org\/es\/wp-json\/wp\/v2\/media?parent=274"}],"curies":[{"name":"wp","href":"https:\/\/api.w.org\/{rel}","templated":true}]}}